{"id":1092,"date":"2018-12-03T15:31:31","date_gmt":"2018-12-03T15:31:31","guid":{"rendered":"https:\/\/demo.gloriathemes.com\/eventchamp\/demo\/?page_id=1092"},"modified":"2018-12-03T15:31:31","modified_gmt":"2018-12-03T15:31:31","slug":"venue-listing","status":"publish","type":"page","link":"https:\/\/arivederlestelle.org\/index.php\/venue-listing\/","title":{"rendered":"Venue Listing"},"content":{"rendered":"<div class=\"wpb-content-wrapper\"><p>[vc_row][vc_column]<div class=\"gt-venue-listing\"><div class=\"gt-columns gt-column-2 gt-column-space-0\"><div class=\"gt-col\"><div class=\"gt-inner\"><div class=\"gt-venue-style-1\"><div class=\"gt-image\"><a href=\"https:\/\/arivederlestelle.org\/index.php\/venue\/galerie-rossi\/\"><img loading=\"lazy\" decoding=\"async\" width=\"952\" height=\"579\" src=\"https:\/\/i0.wp.com\/arivederlestelle.org\/wp-content\/uploads\/2020\/12\/galerieRossi.jpg?resize=952%2C579&amp;ssl=1\" class=\"attachment-eventchamp-event-list size-eventchamp-event-list wp-post-image\" alt=\"\" srcset=\"https:\/\/i0.wp.com\/arivederlestelle.org\/wp-content\/uploads\/2020\/12\/galerieRossi.jpg?resize=130%2C80&amp;ssl=1 130w, https:\/\/i0.wp.com\/arivederlestelle.org\/wp-content\/uploads\/2020\/12\/galerieRossi.jpg?resize=952%2C579&amp;ssl=1 952w, https:\/\/i0.wp.com\/arivederlestelle.org\/wp-content\/uploads\/2020\/12\/galerieRossi.jpg?zoom=2&amp;resize=952%2C579&amp;ssl=1 1904w\" sizes=\"auto, (max-width: 952px) 100vw, 952px\" \/><\/a><div class=\"gt-location\"><ul><li><a href=\"https:\/\/arivederlestelle.org\/index.php\/location\/geneva\/?post_type=venue\">Ginevra<\/a><\/li><\/ul><\/div><\/div><div class=\"gt-title\"><a href=\"https:\/\/arivederlestelle.org\/index.php\/venue\/galerie-rossi\/\">Galerie Rossi<\/a><\/div><div class=\"gt-excerpt\">Basata nel centro storico di Ginevra, Galerie Rossi nasce come piattaforma culturale che promuove la ricerca artistica internazionale, con un focus approfondito sull\u2019arte visiva italiana, attraverso una selezione serrata di autori e mostre, progetti pubblici internazionali, contatti e connessioni tra...<\/div><\/div><\/div><\/div><div class=\"gt-col\"><div class=\"gt-inner\"><div class=\"gt-venue-style-1\"><div class=\"gt-image\"><a href=\"https:\/\/arivederlestelle.org\/index.php\/venue\/casino-theatre\/\"><img loading=\"lazy\" decoding=\"async\" width=\"500\" height=\"333\" src=\"https:\/\/i0.wp.com\/arivederlestelle.org\/wp-content\/uploads\/2020\/12\/casinotheatre.jpg?resize=500%2C333&amp;ssl=1\" class=\"attachment-eventchamp-event-list size-eventchamp-event-list wp-post-image\" alt=\"\" srcset=\"https:\/\/i0.wp.com\/arivederlestelle.org\/wp-content\/uploads\/2020\/12\/casinotheatre.jpg?w=500&amp;ssl=1 500w, https:\/\/i0.wp.com\/arivederlestelle.org\/wp-content\/uploads\/2020\/12\/casinotheatre.jpg?resize=300%2C200&amp;ssl=1 300w\" sizes=\"auto, (max-width: 500px) 100vw, 500px\" \/><\/a><div class=\"gt-location\"><ul><li><a href=\"https:\/\/arivederlestelle.org\/index.php\/location\/geneva\/?post_type=venue\">Ginevra<\/a><\/li><\/ul><\/div><\/div><div class=\"gt-title\"><a href=\"https:\/\/arivederlestelle.org\/index.php\/venue\/casino-theatre\/\">Casino Th\u00e9\u00e2tre<\/a><\/div><div class=\"gt-excerpt\">Si\u00e8ge de la traditionnelle et annuelle Revue genevoise, le Casino Th\u00e9\u00e2tre accueille aussi aujourd&#8217;hui des pi\u00e8ces de th\u00e9\u00e2tre de boulevard et des op\u00e9rettes, des concerts et des spectacles d&#8217;humoristes, fid\u00e8le \u00e0 sa vocation initiale. Son programme vari\u00e9 en fait un...<\/div><\/div><\/div><\/div><div class=\"gt-col\"><div class=\"gt-inner\"><div class=\"gt-venue-style-1\"><div class=\"gt-image\"><a href=\"https:\/\/arivederlestelle.org\/index.php\/venue\/international-school-of-geneva\/\"><img decoding=\"async\" src=\"https:\/\/i0.wp.com\/arivederlestelle.org\/wp-content\/uploads\/2020\/12\/ecolint.jpg?resize=952%2C579&amp;ssl=1\" class=\"attachment-eventchamp-event-list size-eventchamp-event-list wp-post-image\" alt=\"\" \/><\/a><div class=\"gt-location\"><ul><li><a href=\"https:\/\/arivederlestelle.org\/index.php\/location\/geneva\/?post_type=venue\">Ginevra<\/a><\/li><\/ul><\/div><\/div><div class=\"gt-title\"><a href=\"https:\/\/arivederlestelle.org\/index.php\/venue\/international-school-of-geneva\/\">International School of Geneva<\/a><\/div><div class=\"gt-excerpt\">No matter where you live in Geneva or nearby Vaud, there is an Ecolint campus within easy reach. All three campuses share the same educational philosophy, humanitarian values, and pedagogical mission<\/div><\/div><\/div><\/div><div class=\"gt-col\"><div class=\"gt-inner\"><div class=\"gt-venue-style-1\"><div class=\"gt-image\"><a href=\"https:\/\/arivederlestelle.org\/index.php\/venue\/uni-bastions\/\"><img loading=\"lazy\" decoding=\"async\" width=\"952\" height=\"579\" src=\"https:\/\/i0.wp.com\/arivederlestelle.org\/wp-content\/uploads\/2020\/12\/Uni_bastions-1-scaled.jpg?resize=952%2C579&amp;ssl=1\" class=\"attachment-eventchamp-event-list size-eventchamp-event-list wp-post-image\" alt=\"\" \/><\/a><div class=\"gt-location\"><ul><li><a href=\"https:\/\/arivederlestelle.org\/index.php\/location\/geneva\/?post_type=venue\">Ginevra<\/a><\/li><\/ul><\/div><\/div><div class=\"gt-title\"><a href=\"https:\/\/arivederlestelle.org\/index.php\/venue\/uni-bastions\/\">Uni Bastions<\/a><\/div><div class=\"gt-excerpt\">\u00c9difi\u00e9 entre 1868 et 1871, Uni Bastions constitue aujourd&#8217;hui encore le symbole de la vie acad\u00e9mique \u00e0 Gen\u00e8ve. Situ\u00e9 au c\u0153ur d\u00b4un parc verdoyant, face au Mur des r\u00e9formateurs, le b\u00e2timent et ses alentours nous rappellent l\u00b4histoire de l\u00b4institution. Uni...<\/div><\/div><\/div><\/div><div class=\"gt-col\"><div class=\"gt-inner\"><div class=\"gt-venue-style-1\"><div class=\"gt-image\"><a href=\"https:\/\/arivederlestelle.org\/index.php\/venue\/colonia-libera-di-renens\/\"><img loading=\"lazy\" decoding=\"async\" width=\"952\" height=\"400\" src=\"https:\/\/i0.wp.com\/arivederlestelle.org\/wp-content\/uploads\/2020\/12\/renens.jpg?resize=952%2C400&amp;ssl=1\" class=\"attachment-eventchamp-event-list size-eventchamp-event-list wp-post-image\" alt=\"\" srcset=\"https:\/\/i0.wp.com\/arivederlestelle.org\/wp-content\/uploads\/2020\/12\/renens.jpg?resize=300%2C125&amp;ssl=1 300w, https:\/\/i0.wp.com\/arivederlestelle.org\/wp-content\/uploads\/2020\/12\/renens.jpg?resize=952%2C400&amp;ssl=1 952w\" sizes=\"auto, (max-width: 952px) 100vw, 952px\" \/><\/a><div class=\"gt-location\"><ul><li><a href=\"https:\/\/arivederlestelle.org\/index.php\/location\/lausanne\/?post_type=venue\">Losanna<\/a><\/li><\/ul><\/div><\/div><div class=\"gt-title\"><a href=\"https:\/\/arivederlestelle.org\/index.php\/venue\/colonia-libera-di-renens\/\">Colonia Libera di Renens<\/a><\/div><div class=\"gt-excerpt\">Les colonies libres sont parmi les plus anciennes associations de Suisse, repr\u00e9sentant une cinquantaine d&#8217;associations sur le territoire suisse. Les colonies se sont notamment battues contre le statut de saisonnier (aboli en 2002 suite aux accords bilat\u00e9raux avec l\u2019Europe), pour...<\/div><\/div><\/div><\/div><div class=\"gt-col\"><div class=\"gt-inner\"><div class=\"gt-venue-style-1\"><div class=\"gt-image\"><a href=\"https:\/\/arivederlestelle.org\/index.php\/venue\/batiment-des-forces-motrices\/\"><img loading=\"lazy\" decoding=\"async\" width=\"550\" height=\"367\" src=\"https:\/\/i0.wp.com\/arivederlestelle.org\/wp-content\/uploads\/2020\/12\/batimentDesForcesMotrices.jpg?resize=550%2C367&amp;ssl=1\" class=\"attachment-eventchamp-event-list size-eventchamp-event-list wp-post-image\" alt=\"\" srcset=\"https:\/\/i0.wp.com\/arivederlestelle.org\/wp-content\/uploads\/2020\/12\/batimentDesForcesMotrices.jpg?w=550&amp;ssl=1 550w, https:\/\/i0.wp.com\/arivederlestelle.org\/wp-content\/uploads\/2020\/12\/batimentDesForcesMotrices.jpg?resize=300%2C200&amp;ssl=1 300w\" sizes=\"auto, (max-width: 550px) 100vw, 550px\" \/><\/a><div class=\"gt-location\"><ul><li><a href=\"https:\/\/arivederlestelle.org\/index.php\/location\/geneva\/?post_type=venue\">Ginevra<\/a><\/li><\/ul><\/div><\/div><div class=\"gt-title\"><a href=\"https:\/\/arivederlestelle.org\/index.php\/venue\/batiment-des-forces-motrices\/\">B\u00e2timent des Forces Motrices<\/a><\/div><div class=\"gt-excerpt\">Le B\u00e2timent des Forces motrices (BFM) est une ancienne usine hydraulique situ\u00e9e \u00e0 Gen\u00e8ve (Suisse) et reconvertie par la suite en salle de spectacle sous le nom de salle Th\u00e9odore Turrettini. L\u2019ancien b\u00e2timent \u00e9tait connu sous le nom d\u2019Usine hydraulique...<\/div><\/div><\/div><\/div><div class=\"gt-col\"><div class=\"gt-inner\"><div class=\"gt-venue-style-1\"><div class=\"gt-image\"><a href=\"https:\/\/arivederlestelle.org\/index.php\/venue\/sindacato-unia\/\"><img loading=\"lazy\" decoding=\"async\" width=\"952\" height=\"579\" src=\"https:\/\/i0.wp.com\/arivederlestelle.org\/wp-content\/uploads\/2020\/12\/uniageneve.jpg?resize=952%2C579&amp;ssl=1\" class=\"attachment-eventchamp-event-list size-eventchamp-event-list wp-post-image\" alt=\"\" srcset=\"https:\/\/i0.wp.com\/arivederlestelle.org\/wp-content\/uploads\/2020\/12\/uniageneve.jpg?resize=130%2C80&amp;ssl=1 130w, https:\/\/i0.wp.com\/arivederlestelle.org\/wp-content\/uploads\/2020\/12\/uniageneve.jpg?resize=952%2C579&amp;ssl=1 952w\" sizes=\"auto, (max-width: 952px) 100vw, 952px\" \/><\/a><div class=\"gt-location\"><ul><li><a href=\"https:\/\/arivederlestelle.org\/index.php\/location\/geneva\/?post_type=venue\">Ginevra<\/a><\/li><\/ul><\/div><\/div><div class=\"gt-title\"><a href=\"https:\/\/arivederlestelle.org\/index.php\/venue\/sindacato-unia\/\">Sindacato UNIA<\/a><\/div><div class=\"gt-excerpt\">Unia tutela gli interessi di tutte le lavoratrici e tutti i lavoratori dell\u2019economia privata e offre ai suoi 190&#8217;000 iscritti consulenza, protezione giuridica e altri servizi. Inoltre Unia dirige la pi\u00f9 grande cassa disoccupazione della Svizzera<\/div><\/div><\/div><\/div><div class=\"gt-col\"><div class=\"gt-inner\"><div class=\"gt-venue-style-1\"><div class=\"gt-image\"><a href=\"https:\/\/arivederlestelle.org\/index.php\/venue\/salle-de-la-fraternite\/\"><img loading=\"lazy\" decoding=\"async\" width=\"740\" height=\"330\" src=\"https:\/\/i0.wp.com\/arivederlestelle.org\/wp-content\/uploads\/2020\/12\/fraterniteLausanne.jpg?resize=740%2C330&amp;ssl=1\" class=\"attachment-eventchamp-event-list size-eventchamp-event-list wp-post-image\" alt=\"\" srcset=\"https:\/\/i0.wp.com\/arivederlestelle.org\/wp-content\/uploads\/2020\/12\/fraterniteLausanne.jpg?w=740&amp;ssl=1 740w, https:\/\/i0.wp.com\/arivederlestelle.org\/wp-content\/uploads\/2020\/12\/fraterniteLausanne.jpg?resize=300%2C134&amp;ssl=1 300w, https:\/\/i0.wp.com\/arivederlestelle.org\/wp-content\/uploads\/2020\/12\/fraterniteLausanne.jpg?resize=600%2C268&amp;ssl=1 600w\" sizes=\"auto, (max-width: 740px) 100vw, 740px\" \/><\/a><div class=\"gt-location\"><ul><li><a href=\"https:\/\/arivederlestelle.org\/index.php\/location\/lausanne\/?post_type=venue\">Losanna<\/a><\/li><\/ul><\/div><\/div><div class=\"gt-title\"><a href=\"https:\/\/arivederlestelle.org\/index.php\/venue\/salle-de-la-fraternite\/\">Salle de la fraternit\u00e9<\/a><\/div><div class=\"gt-excerpt\">La Salle de la Fraternit\u00e9 est un lieu \u00e0 disposition des communaut\u00e9s \u00e9trang\u00e8res pour y mener des activit\u00e9s ponctuelles<\/div><\/div><\/div><\/div><div class=\"gt-col\"><div class=\"gt-inner\"><div class=\"gt-venue-style-1\"><div class=\"gt-image\"><a href=\"https:\/\/arivederlestelle.org\/index.php\/venue\/brasserie-des-halles-de-lile\/\"><img loading=\"lazy\" decoding=\"async\" width=\"550\" height=\"407\" src=\"https:\/\/i0.wp.com\/arivederlestelle.org\/wp-content\/uploads\/2020\/12\/brasserieIle.jpg?resize=550%2C407&amp;ssl=1\" class=\"attachment-eventchamp-event-list size-eventchamp-event-list wp-post-image\" alt=\"\" srcset=\"https:\/\/i0.wp.com\/arivederlestelle.org\/wp-content\/uploads\/2020\/12\/brasserieIle.jpg?w=550&amp;ssl=1 550w, https:\/\/i0.wp.com\/arivederlestelle.org\/wp-content\/uploads\/2020\/12\/brasserieIle.jpg?resize=300%2C222&amp;ssl=1 300w\" sizes=\"auto, (max-width: 550px) 100vw, 550px\" \/><\/a><div class=\"gt-location\"><ul><li><a href=\"https:\/\/arivederlestelle.org\/index.php\/location\/geneva\/?post_type=venue\">Ginevra<\/a><\/li><\/ul><\/div><\/div><div class=\"gt-title\"><a href=\"https:\/\/arivederlestelle.org\/index.php\/venue\/brasserie-des-halles-de-lile\/\">Brasserie des halles de l\u2019\u00eele<\/a><\/div><div class=\"gt-excerpt\">Un po\u00e8me de bois et de v\u00e9g\u00e9tales, travers\u00e9 par un fleuve au milieu de la cit\u00e9 de Calvin<\/div><\/div><\/div><\/div><div class=\"gt-col\"><div class=\"gt-inner\"><div class=\"gt-venue-style-1\"><div class=\"gt-image\"><a href=\"https:\/\/arivederlestelle.org\/index.php\/venue\/the-graduate-institute\/\"><img loading=\"lazy\" decoding=\"async\" width=\"952\" height=\"579\" src=\"https:\/\/i0.wp.com\/arivederlestelle.org\/wp-content\/uploads\/2020\/12\/graduateInstitute.jpg?resize=952%2C579&amp;ssl=1\" class=\"attachment-eventchamp-event-list size-eventchamp-event-list wp-post-image\" alt=\"\" srcset=\"https:\/\/i0.wp.com\/arivederlestelle.org\/wp-content\/uploads\/2020\/12\/graduateInstitute.jpg?resize=130%2C80&amp;ssl=1 130w, https:\/\/i0.wp.com\/arivederlestelle.org\/wp-content\/uploads\/2020\/12\/graduateInstitute.jpg?resize=952%2C579&amp;ssl=1 952w\" sizes=\"auto, (max-width: 952px) 100vw, 952px\" \/><\/a><div class=\"gt-location\"><ul><li><a href=\"https:\/\/arivederlestelle.org\/index.php\/location\/geneva\/?post_type=venue\">Ginevra<\/a><\/li><\/ul><\/div><\/div><div class=\"gt-title\"><a href=\"https:\/\/arivederlestelle.org\/index.php\/venue\/the-graduate-institute\/\">The Graduate Institute<\/a><\/div><div class=\"gt-excerpt\">L\u2019Institut de hautes \u00e9tudes internationales et du d\u00e9veloppement est un \u00e9tablissement de recherche et d\u2019enseignement sup\u00e9rieur sp\u00e9cialis\u00e9 dans l\u2019\u00e9tude des affaires mondiales, en particulier de celles qui se trouvent \u00e0 l&#8217;intersection des relations internationales et des questions du d\u00e9veloppement.<\/div><\/div><\/div><\/div><\/div><nav class=\"gt-pagination\"><ul><li><a href=\"https:\/\/arivederlestelle.org\/index.php\/wp-json\/wp\/v2\/pages\/1092\/page\/2\/\" >Next<\/a><\/li><\/ul><\/nav><\/div>[\/vc_column][\/vc_row]<\/p>\n<\/div>","protected":false},"excerpt":{"rendered":"<p>[vc_row][vc_column][\/vc_column][\/vc_row]<\/p>\n","protected":false},"author":1,"featured_media":0,"parent":0,"menu_order":0,"comment_status":"closed","ping_status":"closed","template":"","meta":{"_monsterinsights_skip_tracking":false,"_monsterinsights_sitenote_active":false,"_monsterinsights_sitenote_note":"","_monsterinsights_sitenote_category":0,"footnotes":""},"class_list":["post-1092","page","type-page","status-publish","hentry"],"jetpack_sharing_enabled":true,"_links":{"self":[{"href":"https:\/\/arivederlestelle.org\/index.php\/wp-json\/wp\/v2\/pages\/1092","targetHints":{"allow":["GET"]}}],"collection":[{"href":"https:\/\/arivederlestelle.org\/index.php\/wp-json\/wp\/v2\/pages"}],"about":[{"href":"https:\/\/arivederlestelle.org\/index.php\/wp-json\/wp\/v2\/types\/page"}],"author":[{"embeddable":true,"href":"https:\/\/arivederlestelle.org\/index.php\/wp-json\/wp\/v2\/users\/1"}],"replies":[{"embeddable":true,"href":"https:\/\/arivederlestelle.org\/index.php\/wp-json\/wp\/v2\/comments?post=1092"}],"version-history":[{"count":0,"href":"https:\/\/arivederlestelle.org\/index.php\/wp-json\/wp\/v2\/pages\/1092\/revisions"}],"wp:attachment":[{"href":"https:\/\/arivederlestelle.org\/index.php\/wp-json\/wp\/v2\/media?parent=1092"}],"curies":[{"name":"wp","href":"https:\/\/api.w.org\/{rel}","templated":true}]}}