{"id":1569,"date":"2018-12-08T11:00:35","date_gmt":"2018-12-08T11:00:35","guid":{"rendered":"https:\/\/demo.gloriathemes.com\/eventchamp\/demo\/?page_id=1569"},"modified":"2023-02-14T20:45:24","modified_gmt":"2023-02-14T19:45:24","slug":"about-us","status":"publish","type":"page","link":"https:\/\/arivederlestelle.org\/index.php\/about-us\/","title":{"rendered":"Chi siamo"},"content":{"rendered":"<div class=\"wpb-content-wrapper\"><p>[vc_row][vc_column offset=&#8221;vc_col-lg-1 vc_col-md-1 vc_col-xs-12&#8243;][\/vc_column][vc_column offset=&#8221;vc_col-lg-10 vc_col-md-10 vc_col-xs-12&#8243;]<div class=\"gt-heading gt-dark gt-size1 gt-align-left\"><div class=\"gt-title\">Siamo un gruppo di italiani residenti all\u2019estero che ha a cuore le sorti del proprio Paese d\u2019origine e che si impegna per promuovere iniziative culturali su temi d\u2019attualit\u00e0 politica e sociale italiana. Il nome dell\u2019associazione deriva dall\u2019ultimo verso dell\u2019ultimo canto dell\u2019Inferno dantesco: dopo aver attraversato l\u2019Inferno, Dante e Virgilio contemplano lo stellato cielo notturno; un presagio del nuovo cammino di luce e di speranza dopo le tenebre precedenti; per la nostra associazione, nata nel pieno della crisi economica e morale che ha colpito l\u2019Italia, un messaggio di speranza per le sorti del nostro Paese<\/div><\/div>[vc_empty_space height=&#8221;75px&#8221;]<div class=\"gt-heading gt-dark gt-size1 gt-align-center\"><div class=\"gt-title\"><span>Lo duca e io per quel cammino ascoso<\/span><\/div><\/div><div class=\"gt-heading gt-dark gt-size1 gt-align-center\"><div class=\"gt-title\">intrammo a ritornar nel chiaro mondo;<\/div><\/div><div class=\"gt-heading gt-dark gt-size1 gt-align-center\"><div class=\"gt-title\"><span>e sanza cura aver d\u2019alcun riposo,<\/span><\/div><\/div>[vc_empty_space height=&#8221;40px&#8221;]<div class=\"gt-heading gt-dark gt-size1 gt-align-center\"><div class=\"gt-title\">salimmo s\u00f9, el primo e io secondo,<\/div><\/div><div class=\"gt-heading gt-dark gt-size1 gt-align-center\"><div class=\"gt-title\"><span>tanto ch\u2019i\u2019 vidi de le cose belle<\/span><\/div><\/div><div class=\"gt-heading gt-dark gt-size1 gt-align-center\"><div class=\"gt-title\">che porta \u2018l ciel, per un pertugio tondo<\/div><\/div>[vc_empty_space height=&#8221;40px&#8221;]<div class=\"gt-heading gt-dark gt-size1 gt-align-center\"><div class=\"gt-title\"><span>E quindi uscimmo a riveder le stelle.<\/span><\/div><\/div>[vc_empty_space height=&#8221;105px&#8221;][\/vc_column][vc_column offset=&#8221;vc_col-lg-1 vc_col-md-1 vc_col-xs-12&#8243;][\/vc_column][\/vc_row][vc_row full_width=&#8221;stretch_row_content&#8221;][vc_column width=&#8221;1\/12&#8243;][\/vc_column][vc_column width=&#8221;10\/12&#8243;]<div class=\"gt-speakers-listing gt-style-1\"><div class=\"gt-columns gt-column-3 gt-column-space-0\"><div class=\"gt-col\"><div class=\"gt-inner\"><div class=\"gt-speaker gt-style-1\"><div class=\"gt-image\"><a href=\"https:\/\/arivederlestelle.org\/index.php\/speaker\/maurizio-manca\/\"><img loading=\"lazy\" decoding=\"async\" width=\"615\" height=\"635\" src=\"https:\/\/i0.wp.com\/arivederlestelle.org\/wp-content\/uploads\/2020\/12\/mauriziomancaRidotta.jpg?resize=615%2C635&amp;ssl=1\" class=\"attachment-eventchamp-speaker size-eventchamp-speaker\" alt=\"\" 0=\"\" srcset=\"https:\/\/i0.wp.com\/arivederlestelle.org\/wp-content\/uploads\/2020\/12\/mauriziomancaRidotta.jpg?w=615&amp;ssl=1 615w, https:\/\/i0.wp.com\/arivederlestelle.org\/wp-content\/uploads\/2020\/12\/mauriziomancaRidotta.jpg?resize=291%2C300&amp;ssl=1 291w, https:\/\/i0.wp.com\/arivederlestelle.org\/wp-content\/uploads\/2020\/12\/mauriziomancaRidotta.jpg?resize=600%2C620&amp;ssl=1 600w\" sizes=\"auto, (max-width: 615px) 100vw, 615px\" \/><\/a><\/div><div class=\"gt-content\"><div class=\"gt-name\"><a href=\"https:\/\/arivederlestelle.org\/index.php\/speaker\/maurizio-manca\/\">Maurizio Manca<\/a><\/div><div class=\"gt-social-links\"><ul class=\"gt-social-links\"><li><a href=\"https:\/\/www.facebook.com\/mfmanca\/\" target=\"_blank\"><i class=\"fa-brands fa-facebook-f\"><\/i><\/a><\/li><\/ul><\/div><\/div><\/div><\/div><\/div><div class=\"gt-col\"><div class=\"gt-inner\"><div class=\"gt-speaker gt-style-1\"><div class=\"gt-image\"><a href=\"https:\/\/arivederlestelle.org\/index.php\/speaker\/carlo-darrigo\/\"><img loading=\"lazy\" decoding=\"async\" width=\"200\" height=\"200\" src=\"https:\/\/i0.wp.com\/arivederlestelle.org\/wp-content\/uploads\/2020\/12\/CarloDArrigo.jpg?resize=200%2C200&amp;ssl=1\" class=\"attachment-eventchamp-speaker size-eventchamp-speaker\" alt=\"\" 0=\"\" srcset=\"https:\/\/i0.wp.com\/arivederlestelle.org\/wp-content\/uploads\/2020\/12\/CarloDArrigo.jpg?w=200&amp;ssl=1 200w, https:\/\/i0.wp.com\/arivederlestelle.org\/wp-content\/uploads\/2020\/12\/CarloDArrigo.jpg?resize=150%2C150&amp;ssl=1 150w, https:\/\/i0.wp.com\/arivederlestelle.org\/wp-content\/uploads\/2020\/12\/CarloDArrigo.jpg?resize=85%2C85&amp;ssl=1 85w, https:\/\/i0.wp.com\/arivederlestelle.org\/wp-content\/uploads\/2020\/12\/CarloDArrigo.jpg?resize=100%2C100&amp;ssl=1 100w\" sizes=\"auto, (max-width: 200px) 100vw, 200px\" \/><\/a><\/div><div class=\"gt-content\"><div class=\"gt-name\"><a href=\"https:\/\/arivederlestelle.org\/index.php\/speaker\/carlo-darrigo\/\">Carlo D&#8217;Arrigo<\/a><\/div><div class=\"gt-social-links\"><ul class=\"gt-social-links\"><li><a href=\"https:\/\/www.facebook.com\/carlo.arrigo.5\" target=\"_blank\"><i class=\"fa-brands fa-facebook-f\"><\/i><\/a><\/li><\/ul><\/div><\/div><\/div><\/div><\/div><\/div><\/div>[vc_empty_space height=&#8221;50px&#8221;][\/vc_column][vc_column width=&#8221;1\/12&#8243;][\/vc_column][\/vc_row][vc_row disable_element=&#8221;yes&#8221;][vc_column][vc_row_inner][vc_column_inner width=&#8221;1\/2&#8243; offset=&#8221;vc_col-lg-3 vc_col-md-3 vc_col-xs-12&#8243;]<div class=\"gt-eventchamp-service-box gt-style-1 gt-align-center\"><div class=\"gt-icon\"><svg xmlns=\"http:\/\/www.w3.org\/2000\/svg\" viewBox=\"0 0 24 24\" fill=\"none\" stroke=\"currentColor\" stroke-width=\"2\" stroke-linecap=\"round\" stroke-linejoin=\"round\"><rect x=\"3\" y=\"4\" width=\"18\" height=\"18\" rx=\"2\" ry=\"2\"><\/rect><line x1=\"16\" y1=\"2\" x2=\"16\" y2=\"6\"><\/line><line x1=\"8\" y1=\"2\" x2=\"8\" y2=\"6\"><\/line><line x1=\"3\" y1=\"10\" x2=\"21\" y2=\"10\"><\/line><\/svg><\/div><div class=\"gt-title\">Organizziamo eventi<\/div><p>Conferenze, spettacoli teatrali, presentazione di libri<\/p>\n<\/div>[vc_empty_space height=&#8221;30px&#8221;][\/vc_column_inner][vc_column_inner width=&#8221;1\/2&#8243; offset=&#8221;vc_col-lg-3 vc_col-md-3 vc_col-xs-12&#8243;]<div class=\"gt-eventchamp-service-box gt-style-1 gt-align-center\"><div class=\"gt-icon\"><svg xmlns=\"http:\/\/www.w3.org\/2000\/svg\" viewBox=\"0 0 24 24\" fill=\"none\" stroke=\"currentColor\" stroke-width=\"2\" stroke-linecap=\"round\" stroke-linejoin=\"round\"><path d=\"M12 20h9\"><\/path><path d=\"M16.5 3.5a2.121 2.121 0 0 1 3 3L7 19l-4 1 1-4L16.5 3.5z\"><\/path><\/svg><\/div><div class=\"gt-title\">Event Management<\/div><p>Lorem ipsum dolor sit amet, consectetur adipiscing elit. Maecenas et ultrices massa, sed porta dui.<\/p>\n<\/div>[vc_empty_space height=&#8221;30px&#8221;][\/vc_column_inner][vc_column_inner width=&#8221;1\/2&#8243; offset=&#8221;vc_col-lg-3 vc_col-md-3 vc_col-xs-12&#8243;]<div class=\"gt-eventchamp-service-box gt-style-1 gt-align-center\"><div class=\"gt-icon\"><svg xmlns=\"http:\/\/www.w3.org\/2000\/svg\" viewBox=\"0 0 24 24\" fill=\"none\" stroke=\"currentColor\" stroke-width=\"2\" stroke-linecap=\"round\" stroke-linejoin=\"round\"><rect x=\"1\" y=\"4\" width=\"22\" height=\"16\" rx=\"2\" ry=\"2\"><\/rect><line x1=\"1\" y1=\"10\" x2=\"23\" y2=\"10\"><\/line><\/svg><\/div><div class=\"gt-title\">Payment Gateways<\/div><p>Lorem ipsum dolor sit amet, consectetur adipiscing elit. Maecenas et ultrices massa, sed porta dui.<\/p>\n<\/div>[vc_empty_space height=&#8221;30px&#8221;][\/vc_column_inner][vc_column_inner width=&#8221;1\/2&#8243; offset=&#8221;vc_col-lg-3 vc_col-md-3 vc_col-xs-12&#8243;]<div class=\"gt-eventchamp-service-box gt-style-1 gt-align-center\"><div class=\"gt-icon\"><svg xmlns=\"http:\/\/www.w3.org\/2000\/svg\" viewBox=\"0 0 24 24\" fill=\"none\" stroke=\"currentColor\" stroke-width=\"2\" stroke-linecap=\"round\" stroke-linejoin=\"round\"><polygon points=\"1 6 1 22 8 18 16 22 23 18 23 2 16 6 8 2 1 6\"><\/polygon><line x1=\"8\" y1=\"2\" x2=\"8\" y2=\"18\"><\/line><line x1=\"16\" y1=\"6\" x2=\"16\" y2=\"22\"><\/line><\/svg><\/div><div class=\"gt-title\">Venue Management<\/div><p>Lorem ipsum dolor sit amet, consectetur adipiscing elit. Maecenas et ultrices massa, sed porta dui.<\/p>\n<\/div>[vc_empty_space height=&#8221;30px&#8221;][\/vc_column_inner][\/vc_row_inner][vc_empty_space height=&#8221;75px&#8221;][\/vc_column][\/vc_row][vc_row][vc_column width=&#8221;1\/4&#8243; offset=&#8221;vc_col-xs-12&#8243;][\/vc_column][vc_column width=&#8221;1\/2&#8243;]<div class=\"gt-heading gt-dark gt-size1 gt-align-center\"><div class=\"gt-title\">Il nostro <span>Statuto<\/span><\/div><\/div>[vc_column_text]<\/p>\n<h3>D\u00e9nomination et si\u00e8ge<\/h3>\n<p><strong>Article 1<\/strong><\/p>\n<p>A riveder le stelle est une association sans but lucratif r\u00e9gie par les pr\u00e9sents statuts et subsidiairement par les articles 60 et suivants du Code civil suisse.<br \/>\nL\u2019association se positionne au croisement de la culture Italienne et de l\u2019activisme citoyen en faveur d\u2019une soci\u00e9t\u00e9 plus d\u00e9mocratique, transparente et juste. Les membres s\u2019activent pour promouvoir autant la culture italienne que les batailles civiques en faveur de la d\u00e9fense des principes fondateurs de la constitution italienne.<\/p>\n<p><strong>Article 2<\/strong><\/p>\n<p>Le si\u00e8ge de l\u2019association est situ\u00e9 dans le Canton de Gen\u00e8ve et sa dur\u00e9e est ind\u00e9termin\u00e9e. Les communications avec l\u2019association s\u2019effectuent par e-mail, info@arivederlestelle.org ou par notre boite postale, (BP \u00e0 definir).<br \/>\nLes documents relatifs au fonctionnement de l\u2019association peuvent \u00eatre r\u00e9dig\u00e9s en Italien.<\/p>\n<h3>Buts<\/h3>\n<p><strong>Article 3<\/strong><\/p>\n<p>\u201cE quindi uscimmo a riveder le stelle\u201d (Inferno XXXIV, 139), est le dernier verset de l\u2019Enfer de la Divine Com\u00e9die de Dante Alighieri. Apr\u00e8s une longue et laborieuse sortie des t\u00e9n\u00e8bres, Dante et Virgile contemplent un ciel nocturne \u00e9toil\u00e9; pr\u00e9sage d\u2019un nouveau parcours d\u2019espoir. Cette citation repr\u00e9sente les objectifs de l\u2019association; soit sortir de la crise \u00e9conomique et morale de l\u2019Italie par le biais de la culture et de l\u2019activisme individuel.<\/p>\n<p>L\u2019association poursuit cet objectif par les moyens suivants :<br \/>\n\u2022 En organisant des spectacles culturels portant sur l\u2019actualit\u00e9 Italienne<br \/>\n\u2022 En organisant des d\u00e9bats informatifs sur les th\u00e8mes de la d\u00e9mocratie directe, \u00e9cologie, \u00e9conomie, criminalit\u00e9, corruption, etc\u2026<br \/>\n\u2022 Toute autre initiative visant \u00e0 informer les Italiens en Suisse sur les principaux \u00e9v\u00e8nements politiques et sociaux en Italie<\/p>\n<h3>Ressources<\/h3>\n<p><strong>Article 4<\/strong><\/p>\n<p>Les ressources de l\u2019association proviennent au besoin:<br \/>\n\u2022 de dons et legs<br \/>\n\u2022 du parrainage<br \/>\n\u2022 de subventions publiques et priv\u00e9es<br \/>\n\u2022 des cotisations vers\u00e9es par les membres<br \/>\n\u2022 par les recettes provenant de l\u2019organisation d\u2019\u00e9v\u00e8nements<br \/>\n\u2022 par des emprunts personnels<br \/>\n\u2022 de toute autre ressource autoris\u00e9e par la loi.<\/p>\n<p>Les fonds sont utilis\u00e9s conform\u00e9ment au but social.<\/p>\n<h3>Membres<\/h3>\n<p><strong>Article 5<\/strong><\/p>\n<p>Peuvent pr\u00e9tendre \u00e0 devenir membre les personnes physiques ou morales ayant fait preuve de leur attachement aux buts de l\u2019Association \u00e0 travers leurs actions et leurs engagements.<\/p>\n<p>L\u2019association est compos\u00e9e de:<br \/>\n\u2022 Membres fondateurs<br \/>\n\u2022 Membres actifs<br \/>\n\u2022 Membres passifs<br \/>\nLes demandes d\u2019admission sont adress\u00e9es au Comit\u00e9. Le Comit\u00e9 admet les nouveaux membres \u00e0 l\u2019unanimit\u00e9 et en informe l\u2019Assembl\u00e9e g\u00e9n\u00e9rale.<\/p>\n<p>La qualit\u00e9 de membre se perd:<br \/>\n\u2022 par d\u00e9c\u00e8s<br \/>\n\u2022 par d\u00e9mission \u00e9crite adress\u00e9e au moins un mois avant la fin de l\u2019exercice au Comit\u00e9<br \/>\n\u2022 par exclusion prononc\u00e9e par le Comit\u00e9, pour \u201cde juste motifs\u201d, avec un droit de recours devant l\u2019Assembl\u00e9e g\u00e9n\u00e9rale. Le d\u00e9lai de recours est de trente jours d\u00e8s la notification de la d\u00e9cision du Comit\u00e9.<br \/>\n\u2022 par d\u00e9faut de paiement des cotisations.<br \/>\nDans tous les cas la cotisation de l\u2019ann\u00e9e reste due. Les membres d\u00e9missionnaires ou exclus n\u2019ont aucun droit \u00e0 l\u2019avoir social.<\/p>\n<p>Le patrimoine de l\u2019association r\u00e9pond seul aux engagements contract\u00e9s en son nom. Toute responsabilit\u00e9 personnelle de ses membres est exclue.<\/p>\n<h3>Organes<\/h3>\n<p><strong>Article 6<\/strong><\/p>\n<p>Les organes de l\u2019association sont :<br \/>\n\u2022 L\u2019Assembl\u00e9e g\u00e9n\u00e9rale,<br \/>\n\u2022 Le Comit\u00e9,<br \/>\n\u2022 L\u2019organe de contr\u00f4le des comptes<\/p>\n<h3>Assembl\u00e9e g\u00e9n\u00e9rale<\/h3>\n<p><strong>Article 7<\/strong><\/p>\n<p>L\u2019Assembl\u00e9e g\u00e9n\u00e9rale est le pouvoir supr\u00eame de l\u2019association. Elle est compos\u00e9e de tous les membres actifs.<\/p>\n<p>Elle se r\u00e9unit une fois par an en session ordinaire. Elle peut, en outre, se r\u00e9unir en session extraordinaire chaque fois que n\u00e9cessaire \u00e0 la demande du Comit\u00e9 ou de 1\/5\u00e8me des membres.<\/p>\n<p>L\u2019Assembl\u00e9e g\u00e9n\u00e9rale est valablement constitu\u00e9e quel que soit le nombre des membres pr\u00e9sents.<\/p>\n<p>Le Comit\u00e9 communique aux membres par \u00e9crit la date de l\u2019Assembl\u00e9e g\u00e9n\u00e9rale au moins 4 semaines \u00e0 l\u2019avance. La convocation mentionnant l\u2019ordre du jour est adress\u00e9e par le Comit\u00e9 \u00e0 chaque membre au moins 10 jours \u00e0 l\u2019avance par e-mail.<\/p>\n<p><strong>Article 8<\/strong><\/p>\n<p>L\u2019Assembl\u00e9e g\u00e9n\u00e9rale:<br \/>\n\u2022 \u00e9lit les membres du Comit\u00e9 et d\u00e9signe au moins un-e Pr\u00e9sident-e, un-e Secr\u00e9taire et un-e Tr\u00e9sorier-\u00e8re<br \/>\n\u2022 prend connaissance des rapports et des comptes de l\u2019exercice et vote leur approbation<br \/>\n\u2022 approuve le budget annuel<br \/>\n\u2022 contr\u00f4le l\u2019activit\u00e9 des autres organes qu\u2019elle peut r\u00e9voquer pour justes motifs<br \/>\n\u2022 nomme un\/des v\u00e9rificateur(s) aux comptes<br \/>\n\u2022 fixe le montant des cotisations annuelles<br \/>\n\u2022 d\u00e9cide de toute modification des statuts<br \/>\n\u2022 d\u00e9cide de la dissolution de l\u2019association.<\/p>\n<p><strong>Article 9<\/strong><\/p>\n<p>L\u2019Assembl\u00e9e g\u00e9n\u00e9rale est pr\u00e9sid\u00e9e par le pr\u00e9sident de l\u2019association ou par un des membres du comit\u00e9.<\/p>\n<p><strong>Article 10<\/strong><\/p>\n<p>Les d\u00e9cisions de l\u2019Assembl\u00e9e g\u00e9n\u00e9rale sont prises \u00e0 la majorit\u00e9 simple des voix des membres pr\u00e9sents. En cas d\u2019\u00e9galit\u00e9 des voix, celle du pr\u00e9sident compte double.<\/p>\n<p>Les d\u00e9cisions relatives \u00e0 la modification des statuts et \u00e0 la dissolution de l\u2019association ne peuvent \u00eatre prises qu\u2019\u00e0 la majorit\u00e9 des 2\/3 des membres pr\u00e9sents.<\/p>\n<p><strong>Article 11<\/strong><\/p>\n<p>Les votations ont lieu \u00e0 main lev\u00e9e. Par souci de transparence, le scrutin secret n\u2019est pas souhaitable.<\/p>\n<p><strong>Article 12<\/strong><\/p>\n<p>L\u2019ordre du jour de l\u2019assembl\u00e9e g\u00e9n\u00e9rale annuelle, dite ordinaire, comprend n\u00e9cessairement:<br \/>\n\u2022 L\u2019approbation du proc\u00e8s-verbal de la derni\u00e8re Assembl\u00e9e g\u00e9n\u00e9rale<br \/>\n\u2022 le rapport du Comit\u00e9 sur l\u2019activit\u00e9 de l\u2019association pendant la p\u00e9riode \u00e9coul\u00e9e<br \/>\n\u2022 les rapports de tr\u00e9sorerie et de l\u2019organe de contr\u00f4le des comptes<br \/>\n\u2022 la fixation des cotisations<br \/>\n\u2022 l\u2019adoption du budget<br \/>\n\u2022 l\u2019approbation des rapports et comptes<br \/>\n\u2022 l\u2019\u00e9lection des membres du Comit\u00e9 et de l\u2019organe de contr\u00f4le des comptes<br \/>\n\u2022 les propositions individuelles.<\/p>\n<h3>Comit\u00e9<\/h3>\n<p><strong>Article 13<\/strong><\/p>\n<p>Le Comit\u00e9 est autoris\u00e9 \u00e0 faire tous les actes qui se rapportent au but de l\u2019association. Il a les pouvoirs les plus \u00e9tendus pour la gestion des affaires courantes.<\/p>\n<p><strong>Article 14<\/strong><\/p>\n<p>Le Comit\u00e9 se compose au minimum de 3 membres \u00e9lus par l\u2019Assembl\u00e9e g\u00e9n\u00e9rale.<\/p>\n<p>La dur\u00e9e du mandat est de 1 an renouvelable ind\u00e9finiment.<\/p>\n<p>Il se r\u00e9unit autant de fois que les affaires de l\u2019association l\u2019exigent.<\/p>\n<p><strong>Article 15<\/strong><\/p>\n<p>Les membres du comit\u00e9 agissent b\u00e9n\u00e9volement et ne peuvent pr\u00e9tendre qu\u2019\u00e0 l\u2019indemnisation de leurs frais effectifs et de leurs frais de d\u00e9placement. Pour les activit\u00e9s qui exc\u00e8dent le cadre usuel de la fonction, chaque membre du comit\u00e9 peut recevoir un d\u00e9dommagement appropri\u00e9 soumis \u00e0 l\u2019approbation de l\u2019assembl\u00e9e g\u00e9n\u00e9rale.<\/p>\n<p><strong>Article 16<\/strong><\/p>\n<p>Le Comit\u00e9 est charg\u00e9:<br \/>\n\u2022 de prendre les mesures utiles pour atteindre le but fix\u00e9<br \/>\n\u2022 de convoquer les assembl\u00e9es g\u00e9n\u00e9rales ordinaires et extraordinaires<br \/>\n\u2022 de prendre les d\u00e9cisions relatives \u00e0 l\u2019admission et \u00e0 la d\u00e9mission des membres, ainsi que de leur exclusion \u00e9ventuelle<br \/>\n\u2022 de veiller \u00e0 l\u2019application des statuts, de r\u00e9diger les r\u00e8glements et d\u2019administrer les biens de l\u2019association.<\/p>\n<p><strong>Article 17<\/strong><\/p>\n<p>L\u2019association est valablement engag\u00e9e par la signature collective \u00e0 deux de tout membre du Comit\u00e9 ex\u00e9cutif.<\/p>\n<h3>Dispositions diverses<\/h3>\n<p><strong>Article 18<\/strong><\/p>\n<p>L\u2019exercice social commence le 1er janvier et se termine le 31 d\u00e9cembre de chaque ann\u00e9e.<br \/>\nLa gestion des comptes est confi\u00e9e au tr\u00e9sorier de l\u2019association et contr\u00f4l\u00e9e chaque ann\u00e9e par le(s) v\u00e9rificateur(s) nomm\u00e9(s) par l\u2019Assembl\u00e9e G\u00e9n\u00e9rale.<\/p>\n<p><strong>Article 19<\/strong><\/p>\n<p>En cas de dissolution de l\u2019association, l\u2019actif disponible sera enti\u00e8rement attribu\u00e9 \u00e0 une institution poursuivant un but d\u2019int\u00e9r\u00eat public analogue \u00e0 celui de l\u2019association et b\u00e9n\u00e9ficiant de l\u2019exon\u00e9ration de l\u2019imp\u00f4t, choisi par l\u2019Assembl\u00e9e. En aucun cas, les biens ne pourront retourner aux fondateurs physiques ou aux membres, ni \u00eatre utilis\u00e9s \u00e0 leur profit en tout ou partie et de quelque mani\u00e8re que ce soit.<br \/>\n________________________________________<\/p>\n<p>Les pr\u00e9sents statuts ont \u00e9t\u00e9 adopt\u00e9s par l\u2019Assembl\u00e9e g\u00e9n\u00e9rale constitutive du 11 mai 2014 \u00e0 Gen\u00e8ve.[\/vc_column_text][\/vc_column][vc_column width=&#8221;1\/4&#8243;][\/vc_column][\/vc_row]<\/p>\n<\/div>","protected":false},"excerpt":{"rendered":"<p>[vc_row][vc_column offset=&#8221;vc_col-lg-1 vc_col-md-1 vc_col-xs-12&#8243;][\/vc_column][vc_column offset=&#8221;vc_col-lg-10 vc_col-md-10 vc_col-xs-12&#8243;][vc_empty_space height=&#8221;75px&#8221;][vc_empty_space height=&#8221;40px&#8221;][vc_empty_space height=&#8221;40px&#8221;][vc_empty_space height=&#8221;105px&#8221;][\/vc_column][vc_column offset=&#8221;vc_col-lg-1 vc_col-md-1 vc_col-xs-12&#8243;][\/vc_column][\/vc_row][vc_row full_width=&#8221;stretch_row_content&#8221;][vc_column width=&#8221;1\/12&#8243;][\/vc_column][vc_column width=&#8221;10\/12&#8243;][vc_empty_space height=&#8221;50px&#8221;][\/vc_column][vc_column width=&#8221;1\/12&#8243;][\/vc_column][\/vc_row][vc_row disable_element=&#8221;yes&#8221;][vc_column][vc_row_inner][vc_column_inner width=&#8221;1\/2&#8243; offset=&#8221;vc_col-lg-3 vc_col-md-3 vc_col-xs-12&#8243;][vc_empty_space height=&#8221;30px&#8221;][\/vc_column_inner][vc_column_inner width=&#8221;1\/2&#8243; offset=&#8221;vc_col-lg-3 vc_col-md-3 vc_col-xs-12&#8243;][vc_empty_space height=&#8221;30px&#8221;][\/vc_column_inner][vc_column_inner width=&#8221;1\/2&#8243; offset=&#8221;vc_col-lg-3 vc_col-md-3 vc_col-xs-12&#8243;][vc_empty_space height=&#8221;30px&#8221;][\/vc_column_inner][vc_column_inner width=&#8221;1\/2&#8243; offset=&#8221;vc_col-lg-3 vc_col-md-3 vc_col-xs-12&#8243;][vc_empty_space height=&#8221;30px&#8221;][\/vc_column_inner][\/vc_row_inner][vc_empty_space&#8230;<\/p>\n","protected":false},"author":1,"featured_media":0,"parent":0,"menu_order":0,"comment_status":"closed","ping_status":"closed","template":"","meta":{"_monsterinsights_skip_tracking":false,"_monsterinsights_sitenote_active":false,"_monsterinsights_sitenote_note":"","_monsterinsights_sitenote_category":0,"footnotes":""},"class_list":["post-1569","page","type-page","status-publish","hentry"],"jetpack_sharing_enabled":true,"_links":{"self":[{"href":"https:\/\/arivederlestelle.org\/index.php\/wp-json\/wp\/v2\/pages\/1569","targetHints":{"allow":["GET"]}}],"collection":[{"href":"https:\/\/arivederlestelle.org\/index.php\/wp-json\/wp\/v2\/pages"}],"about":[{"href":"https:\/\/arivederlestelle.org\/index.php\/wp-json\/wp\/v2\/types\/page"}],"author":[{"embeddable":true,"href":"https:\/\/arivederlestelle.org\/index.php\/wp-json\/wp\/v2\/users\/1"}],"replies":[{"embeddable":true,"href":"https:\/\/arivederlestelle.org\/index.php\/wp-json\/wp\/v2\/comments?post=1569"}],"version-history":[{"count":16,"href":"https:\/\/arivederlestelle.org\/index.php\/wp-json\/wp\/v2\/pages\/1569\/revisions"}],"predecessor-version":[{"id":3304,"href":"https:\/\/arivederlestelle.org\/index.php\/wp-json\/wp\/v2\/pages\/1569\/revisions\/3304"}],"wp:attachment":[{"href":"https:\/\/arivederlestelle.org\/index.php\/wp-json\/wp\/v2\/media?parent=1569"}],"curies":[{"name":"wp","href":"https:\/\/api.w.org\/{rel}","templated":true}]}}